{"id":2,"date":"2025-01-11T11:53:04","date_gmt":"2025-01-11T11:53:04","guid":{"rendered":"https:\/\/dtf-print.hr\/?page_id=2"},"modified":"2025-03-22T17:32:17","modified_gmt":"2025-03-22T15:32:17","slug":"sample-page","status":"publish","type":"page","link":"https:\/\/dtf-print.hr\/index.php\/sample-page\/","title":{"rendered":"O nama"},"content":{"rendered":"\n<h3 class=\"wp-block-heading has-kubio-color-6-color has-text-color has-link-color wp-elements-f5c9c60bbfdabe9c0eb629aa67e66a60\" style=\"border-style:none;border-width:0px;border-radius:0px\">\u0160to radimo?<\/h3>\n\n\n\n<p style=\"font-size:18px\">Specijalizirani smo za DTF print, tisak na razne predmete poput \u0161alica, tekstila i promotivnih proizvoda, kao i strojni vez koji donosi sofisticiranost svakom detalju. Kombiniramo modernu tehnologiju s kreativnim pristupom kako bismo osigurali proizvode koji ostavljaju dojam.<\/p>\n\n\n\n<figure class=\"wp-block-gallery has-nested-images columns-default is-cropped wp-block-gallery-1 is-layout-flex wp-block-gallery-is-layout-flex\">\n<figure class=\"wp-block-image size-large\"><img loading=\"lazy\" decoding=\"async\" width=\"1024\" height=\"768\" data-id=\"132\" src=\"https:\/\/dtf-print.hr\/wp-content\/uploads\/2025\/03\/IMG_20250320_120238-1024x768.jpg\" alt=\"\" class=\"wp-image-132\" srcset=\"https:\/\/dtf-print.hr\/wp-content\/uploads\/2025\/03\/IMG_20250320_120238-1024x768.jpg 1024w, https:\/\/dtf-print.hr\/wp-content\/uploads\/2025\/03\/IMG_20250320_120238-300x225.jpg 300w, https:\/\/dtf-print.hr\/wp-content\/uploads\/2025\/03\/IMG_20250320_120238-768x576.jpg 768w, https:\/\/dtf-print.hr\/wp-content\/uploads\/2025\/03\/IMG_20250320_120238-1536x1152.jpg 1536w, https:\/\/dtf-print.hr\/wp-content\/uploads\/2025\/03\/IMG_20250320_120238-2048x1536.jpg 2048w, https:\/\/dtf-print.hr\/wp-content\/uploads\/2025\/03\/IMG_20250320_120238-1440x1080.jpg 1440w\" sizes=\"(max-width: 1024px) 100vw, 1024px\" \/><\/figure>\n\n\n\n<figure class=\"wp-block-image size-large\"><img loading=\"lazy\" decoding=\"async\" width=\"768\" height=\"1024\" data-id=\"133\" src=\"https:\/\/dtf-print.hr\/wp-content\/uploads\/2025\/03\/IMG_20250320_121403-768x1024.jpg\" alt=\"\" class=\"wp-image-133\" srcset=\"https:\/\/dtf-print.hr\/wp-content\/uploads\/2025\/03\/IMG_20250320_121403-768x1024.jpg 768w, https:\/\/dtf-print.hr\/wp-content\/uploads\/2025\/03\/IMG_20250320_121403-225x300.jpg 225w, https:\/\/dtf-print.hr\/wp-content\/uploads\/2025\/03\/IMG_20250320_121403-1152x1536.jpg 1152w, https:\/\/dtf-print.hr\/wp-content\/uploads\/2025\/03\/IMG_20250320_121403-1536x2048.jpg 1536w, https:\/\/dtf-print.hr\/wp-content\/uploads\/2025\/03\/IMG_20250320_121403-810x1080.jpg 810w, https:\/\/dtf-print.hr\/wp-content\/uploads\/2025\/03\/IMG_20250320_121403-scaled.jpg 1920w\" sizes=\"(max-width: 768px) 100vw, 768px\" \/><\/figure>\n\n\n\n<figure class=\"wp-block-image size-large\"><img loading=\"lazy\" decoding=\"async\" width=\"768\" height=\"1024\" data-id=\"136\" src=\"https:\/\/dtf-print.hr\/wp-content\/uploads\/2025\/03\/IMG_20250320_121409-768x1024.jpg\" alt=\"\" class=\"wp-image-136\" srcset=\"https:\/\/dtf-print.hr\/wp-content\/uploads\/2025\/03\/IMG_20250320_121409-768x1024.jpg 768w, https:\/\/dtf-print.hr\/wp-content\/uploads\/2025\/03\/IMG_20250320_121409-225x300.jpg 225w, https:\/\/dtf-print.hr\/wp-content\/uploads\/2025\/03\/IMG_20250320_121409-1152x1536.jpg 1152w, https:\/\/dtf-print.hr\/wp-content\/uploads\/2025\/03\/IMG_20250320_121409-1536x2048.jpg 1536w, https:\/\/dtf-print.hr\/wp-content\/uploads\/2025\/03\/IMG_20250320_121409-810x1080.jpg 810w, https:\/\/dtf-print.hr\/wp-content\/uploads\/2025\/03\/IMG_20250320_121409-scaled.jpg 1920w\" sizes=\"(max-width: 768px) 100vw, 768px\" \/><\/figure>\n<\/figure>\n\n\n\n<div style=\"height:40px\" aria-hidden=\"true\" class=\"wp-block-spacer\"><\/div>\n\n\n\n<h3 class=\"wp-block-heading\">Na\u0161a vizija<\/h3>\n\n\n\n<p style=\"font-size:18px\">\u017delimo biti va\u0161 prvi izbor za personalizirane proizvode \u2013 mjesto gdje se va\u0161e ideje i na\u0161a stru\u010dnost spajaju u savr\u0161enu cjelinu.<\/p>\n\n\n\n<p><\/p>\n","protected":false},"excerpt":{"rendered":"<p>\u0160to radimo? Specijalizirani smo za DTF print, tisak na razne predmete poput \u0161alica, tekstila i promotivnih proizvoda, kao i strojni vez koji donosi sofisticiranost svakom detalju. Kombiniramo modernu tehnologiju s kreativnim pristupom kako bismo osigurali proizvode koji ostavljaju dojam. Na\u0161a vizija \u017delimo biti va\u0161 prvi izbor za personalizirane proizvode \u2013 mjesto gdje se va\u0161e ideje [&hellip;]<\/p>\n","protected":false},"author":1,"featured_media":0,"parent":0,"menu_order":0,"comment_status":"closed","ping_status":"closed","template":"","meta":{"saved_in_kubio":false,"footnotes":""},"class_list":["post-2","page","type-page","status-publish","hentry"],"kubio_ai_page_context":{"short_desc":"","purpose":"general"},"_links":{"self":[{"href":"https:\/\/dtf-print.hr\/index.php\/wp-json\/wp\/v2\/pages\/2","targetHints":{"allow":["GET"]}}],"collection":[{"href":"https:\/\/dtf-print.hr\/index.php\/wp-json\/wp\/v2\/pages"}],"about":[{"href":"https:\/\/dtf-print.hr\/index.php\/wp-json\/wp\/v2\/types\/page"}],"author":[{"embeddable":true,"href":"https:\/\/dtf-print.hr\/index.php\/wp-json\/wp\/v2\/users\/1"}],"replies":[{"embeddable":true,"href":"https:\/\/dtf-print.hr\/index.php\/wp-json\/wp\/v2\/comments?post=2"}],"version-history":[{"count":12,"href":"https:\/\/dtf-print.hr\/index.php\/wp-json\/wp\/v2\/pages\/2\/revisions"}],"predecessor-version":[{"id":146,"href":"https:\/\/dtf-print.hr\/index.php\/wp-json\/wp\/v2\/pages\/2\/revisions\/146"}],"wp:attachment":[{"href":"https:\/\/dtf-print.hr\/index.php\/wp-json\/wp\/v2\/media?parent=2"}],"curies":[{"name":"wp","href":"https:\/\/api.w.org\/{rel}","templated":true}]}}